{"id":1360,"date":"2024-04-25T13:51:52","date_gmt":"2024-04-25T11:51:52","guid":{"rendered":"https:\/\/dev.comaps.de\/wp\/?page_id=1360"},"modified":"2024-06-10T11:51:17","modified_gmt":"2024-06-10T09:51:17","slug":"impressum","status":"publish","type":"page","link":"https:\/\/comaps.de\/en\/impressum\/","title":{"rendered":"Imprint"},"content":{"rendered":"<div data-elementor-type=\"wp-page\" data-elementor-id=\"1360\" class=\"elementor elementor-1360\" data-elementor-post-type=\"page\">\n\t\t\t\t<div class=\"elementor-element elementor-element-46450d2 e-flex e-con-boxed e-con e-parent\" data-id=\"46450d2\" data-element_type=\"container\">\n\t\t\t\t\t<div class=\"e-con-inner\">\n\t\t\t\t\t<\/div>\n\t\t\t\t<\/div>\n\t\t<div class=\"elementor-element elementor-element-3fc584ef e-con-full e-flex e-con e-parent\" data-id=\"3fc584ef\" data-element_type=\"container\">\n\t\t<div class=\"elementor-element elementor-element-6659a096 e-flex e-con-boxed e-con e-child\" data-id=\"6659a096\" data-element_type=\"container\">\n\t\t\t\t\t<div class=\"e-con-inner\">\n\t\t\t\t<div class=\"elementor-element elementor-element-38ecc59d elementor-widget elementor-widget-heading\" data-id=\"38ecc59d\" data-element_type=\"widget\" data-widget_type=\"heading.default\">\n\t\t\t\t<div class=\"elementor-widget-container\">\n\t\t\t<style>\/*! elementor - v3.22.0 - 17-06-2024 *\/\n.elementor-heading-title{padding:0;margin:0;line-height:1}.elementor-widget-heading .elementor-heading-title[class*=elementor-size-]>a{color:inherit;font-size:inherit;line-height:inherit}.elementor-widget-heading .elementor-heading-title.elementor-size-small{font-size:15px}.elementor-widget-heading .elementor-heading-title.elementor-size-medium{font-size:19px}.elementor-widget-heading .elementor-heading-title.elementor-size-large{font-size:29px}.elementor-widget-heading .elementor-heading-title.elementor-size-xl{font-size:39px}.elementor-widget-heading .elementor-heading-title.elementor-size-xxl{font-size:59px}<\/style><h2 class=\"elementor-heading-title elementor-size-default\">Imprint<\/h2>\t\t<\/div>\n\t\t\t\t<\/div>\n\t\t\t\t<div class=\"elementor-element elementor-element-145287dd elementor-widget elementor-widget-text-editor\" data-id=\"145287dd\" data-element_type=\"widget\" data-widget_type=\"text-editor.default\">\n\t\t\t\t<div class=\"elementor-widget-container\">\n\t\t\t<style>\/*! elementor - v3.22.0 - 17-06-2024 *\/\n.elementor-widget-text-editor.elementor-drop-cap-view-stacked .elementor-drop-cap{background-color:#69727d;color:#fff}.elementor-widget-text-editor.elementor-drop-cap-view-framed .elementor-drop-cap{color:#69727d;border:3px solid;background-color:transparent}.elementor-widget-text-editor:not(.elementor-drop-cap-view-default) .elementor-drop-cap{margin-top:8px}.elementor-widget-text-editor:not(.elementor-drop-cap-view-default) .elementor-drop-cap-letter{width:1em;height:1em}.elementor-widget-text-editor .elementor-drop-cap{float:left;text-align:center;line-height:1;font-size:50px}.elementor-widget-text-editor .elementor-drop-cap-letter{display:inline-block}<\/style>\t\t\t\t<p>comaps\u00a0GmbH<br \/>Hallerstra\u00dfe 50<br \/>20146 Hamburg<\/p><p><strong>Vertreten durch:\u2028<\/strong><br \/>Nicola Stradtmann, Daniel Schulz<\/p><p><strong>Registereintrag:\u2028<\/strong>Eintragung im Handelsregister\u2028Registergericht: Amtsgericht Hamburg\u2028Registernummer: HRB 182119<\/p><p><strong>Umsatzsteuer-ID:<\/strong><br \/>Umsatzsteuer-Identifikationsnummer gem\u00e4\u00df \u00a727a Umsatzsteuergesetz: [beantragt]<\/p><p><strong>Verantwortlich f\u00fcr den Inhalt\u2028nach \u00a7 55 Abs. 2 RStV:\u2028<\/strong><br \/>Daniel Schulz, Schopstra\u00dfe 14, 20255 Hamburg<br \/>Hinweis zu externen Links:\u2028Trotz sorgf\u00e4ltiger inhaltlicher Kontrolle \u00fcbernehmen wir keine Haftung f\u00fcr die Inhalte externer Links. F\u00fcr den Inhalt der verlinkten Seiten sind ausschlie\u00dflich deren Betreiber verantwortlich.<\/p><p><strong>Urheberrechtshinweis:<\/strong>\u2028Die durch die Seitenbetreiber erstellten Inhalte und Werke auf diesen Seiten unterliegen dem deutschen Urheberrecht. Die Vervielf\u00e4ltigung, Bearbeitung, Verbreitung und jede Art der Verwertung au\u00dferhalb der Grenzen des Urheberrechtes bed\u00fcrfen der schriftlichen Zustimmung des jeweiligen Autors bzw. Erstellers.<br \/>Datenschutzhinweis:\u2028Unsere Datenschutzerkl\u00e4rung finden Sie\u00a0hier.<\/p><p><strong>Icons:\u2028<\/strong><br \/>Function icons created by <a href=\"https:\/\/www.flaticon.com\/free-icons\/function\">noomtah &#8211; Flaticon<\/a><\/p>\t\t\t\t\t\t<\/div>\n\t\t\t\t<\/div>\n\t\t\t\t\t<\/div>\n\t\t\t\t<\/div>\n\t\t\t\t<\/div>\n\t\t\t\t<\/div>","protected":false},"excerpt":{"rendered":"<p>Impressum comaps\u00a0GmbHHallerstra\u00dfe 5020146 Hamburg Vertreten durch:\u2028Nicola Stradtmann, Daniel Schulz Registereintrag:\u2028Eintragung im Handelsregister\u2028Registergericht: Amtsgericht Hamburg\u2028Registernummer: HRB 182119 Umsatzsteuer-ID:Umsatzsteuer-Identifikationsnummer gem\u00e4\u00df \u00a727a Umsatzsteuergesetz: [beantragt] Verantwortlich f\u00fcr den Inhalt\u2028nach \u00a7 55 Abs. 2 RStV:\u2028Daniel Schulz, Schopstra\u00dfe 14, 20255 HamburgHinweis zu externen Links:\u2028Trotz sorgf\u00e4ltiger inhaltlicher Kontrolle \u00fcbernehmen wir keine Haftung f\u00fcr die Inhalte externer Links. F\u00fcr den Inhalt der verlinkten [&hellip;]<\/p>","protected":false},"author":1,"featured_media":0,"parent":0,"menu_order":0,"comment_status":"closed","ping_status":"closed","template":"","meta":{"footnotes":""},"class_list":["post-1360","page","type-page","status-publish","hentry"],"blocksy_meta":[],"yoast_head":"<!-- This site is optimized with the Yoast SEO plugin v22.2 - https:\/\/yoast.com\/wordpress\/plugins\/seo\/ -->\n<title>Impressum - comaps | connecting data<\/title>\n<meta name=\"robots\" content=\"noindex, follow, max-snippet:-1, max-image-preview:large, max-video-preview:-1\" \/>\n<meta property=\"og:locale\" content=\"en_GB\" \/>\n<meta property=\"og:type\" content=\"article\" \/>\n<meta property=\"og:title\" content=\"Impressum - comaps | connecting data\" \/>\n<meta property=\"og:description\" content=\"Impressum comaps\u00a0GmbHHallerstra\u00dfe 5020146 Hamburg Vertreten durch:\u2028Nicola Stradtmann, Daniel Schulz Registereintrag:\u2028Eintragung im Handelsregister\u2028Registergericht: Amtsgericht Hamburg\u2028Registernummer: HRB 182119 Umsatzsteuer-ID:Umsatzsteuer-Identifikationsnummer gem\u00e4\u00df \u00a727a Umsatzsteuergesetz: [beantragt] Verantwortlich f\u00fcr den Inhalt\u2028nach \u00a7 55 Abs. 2 RStV:\u2028Daniel Schulz, Schopstra\u00dfe 14, 20255 HamburgHinweis zu externen Links:\u2028Trotz sorgf\u00e4ltiger inhaltlicher Kontrolle \u00fcbernehmen wir keine Haftung f\u00fcr die Inhalte externer Links. F\u00fcr den Inhalt der verlinkten [&hellip;]\" \/>\n<meta property=\"og:url\" content=\"https:\/\/comaps.de\/en\/impressum\/\" \/>\n<meta property=\"og:site_name\" content=\"comaps | connecting data\" \/>\n<meta property=\"article:modified_time\" content=\"2024-06-10T09:51:17+00:00\" \/>\n<meta name=\"twitter:card\" content=\"summary_large_image\" \/>\n<meta name=\"twitter:label1\" content=\"Estimated reading time\" \/>\n\t<meta name=\"twitter:data1\" content=\"1 minute\" \/>\n<script type=\"application\/ld+json\" class=\"yoast-schema-graph\">{\"@context\":\"https:\/\/schema.org\",\"@graph\":[{\"@type\":\"WebPage\",\"@id\":\"https:\/\/comaps.de\/impressum\/\",\"url\":\"https:\/\/comaps.de\/impressum\/\",\"name\":\"Impressum - comaps | connecting data\",\"isPartOf\":{\"@id\":\"https:\/\/comaps.de\/#website\"},\"datePublished\":\"2024-04-25T11:51:52+00:00\",\"dateModified\":\"2024-06-10T09:51:17+00:00\",\"breadcrumb\":{\"@id\":\"https:\/\/comaps.de\/impressum\/#breadcrumb\"},\"inLanguage\":\"en-GB\",\"potentialAction\":[{\"@type\":\"ReadAction\",\"target\":[\"https:\/\/comaps.de\/impressum\/\"]}]},{\"@type\":\"BreadcrumbList\",\"@id\":\"https:\/\/comaps.de\/impressum\/#breadcrumb\",\"itemListElement\":[{\"@type\":\"ListItem\",\"position\":1,\"name\":\"Startseite\",\"item\":\"https:\/\/comaps.de\/\"},{\"@type\":\"ListItem\",\"position\":2,\"name\":\"Impressum\"}]},{\"@type\":\"WebSite\",\"@id\":\"https:\/\/comaps.de\/#website\",\"url\":\"https:\/\/comaps.de\/\",\"name\":\"comaps | connecting data\",\"description\":\"visualisieren analysieren simulieren\",\"publisher\":{\"@id\":\"https:\/\/comaps.de\/#organization\"},\"potentialAction\":[{\"@type\":\"SearchAction\",\"target\":{\"@type\":\"EntryPoint\",\"urlTemplate\":\"https:\/\/comaps.de\/?s={search_term_string}\"},\"query-input\":\"required name=search_term_string\"}],\"inLanguage\":\"en-GB\"},{\"@type\":\"Organization\",\"@id\":\"https:\/\/comaps.de\/#organization\",\"name\":\"comaps | connecting data\",\"url\":\"https:\/\/comaps.de\/\",\"logo\":{\"@type\":\"ImageObject\",\"inLanguage\":\"en-GB\",\"@id\":\"https:\/\/comaps.de\/#\/schema\/logo\/image\/\",\"url\":\"\",\"contentUrl\":\"\",\"caption\":\"comaps | connecting data\"},\"image\":{\"@id\":\"https:\/\/comaps.de\/#\/schema\/logo\/image\/\"}}]}<\/script>\n<!-- \/ Yoast SEO plugin. -->","yoast_head_json":{"title":"Impressum - comaps | connecting data","robots":{"index":"noindex","follow":"follow","max-snippet":"max-snippet:-1","max-image-preview":"max-image-preview:large","max-video-preview":"max-video-preview:-1"},"og_locale":"en_GB","og_type":"article","og_title":"Impressum - comaps | connecting data","og_description":"Impressum comaps\u00a0GmbHHallerstra\u00dfe 5020146 Hamburg Vertreten durch:\u2028Nicola Stradtmann, Daniel Schulz Registereintrag:\u2028Eintragung im Handelsregister\u2028Registergericht: Amtsgericht Hamburg\u2028Registernummer: HRB 182119 Umsatzsteuer-ID:Umsatzsteuer-Identifikationsnummer gem\u00e4\u00df \u00a727a Umsatzsteuergesetz: [beantragt] Verantwortlich f\u00fcr den Inhalt\u2028nach \u00a7 55 Abs. 2 RStV:\u2028Daniel Schulz, Schopstra\u00dfe 14, 20255 HamburgHinweis zu externen Links:\u2028Trotz sorgf\u00e4ltiger inhaltlicher Kontrolle \u00fcbernehmen wir keine Haftung f\u00fcr die Inhalte externer Links. F\u00fcr den Inhalt der verlinkten [&hellip;]","og_url":"https:\/\/comaps.de\/en\/impressum\/","og_site_name":"comaps | connecting data","article_modified_time":"2024-06-10T09:51:17+00:00","twitter_card":"summary_large_image","twitter_misc":{"Estimated reading time":"1 minute"},"schema":{"@context":"https:\/\/schema.org","@graph":[{"@type":"WebPage","@id":"https:\/\/comaps.de\/impressum\/","url":"https:\/\/comaps.de\/impressum\/","name":"Impressum - comaps | connecting data","isPartOf":{"@id":"https:\/\/comaps.de\/#website"},"datePublished":"2024-04-25T11:51:52+00:00","dateModified":"2024-06-10T09:51:17+00:00","breadcrumb":{"@id":"https:\/\/comaps.de\/impressum\/#breadcrumb"},"inLanguage":"en-GB","potentialAction":[{"@type":"ReadAction","target":["https:\/\/comaps.de\/impressum\/"]}]},{"@type":"BreadcrumbList","@id":"https:\/\/comaps.de\/impressum\/#breadcrumb","itemListElement":[{"@type":"ListItem","position":1,"name":"Startseite","item":"https:\/\/comaps.de\/"},{"@type":"ListItem","position":2,"name":"Impressum"}]},{"@type":"WebSite","@id":"https:\/\/comaps.de\/#website","url":"https:\/\/comaps.de\/","name":"comaps | connecting data","description":"visualisieren analysieren simulieren","publisher":{"@id":"https:\/\/comaps.de\/#organization"},"potentialAction":[{"@type":"SearchAction","target":{"@type":"EntryPoint","urlTemplate":"https:\/\/comaps.de\/?s={search_term_string}"},"query-input":"required name=search_term_string"}],"inLanguage":"en-GB"},{"@type":"Organization","@id":"https:\/\/comaps.de\/#organization","name":"comaps | connecting data","url":"https:\/\/comaps.de\/","logo":{"@type":"ImageObject","inLanguage":"en-GB","@id":"https:\/\/comaps.de\/#\/schema\/logo\/image\/","url":"","contentUrl":"","caption":"comaps | connecting data"},"image":{"@id":"https:\/\/comaps.de\/#\/schema\/logo\/image\/"}}]}},"_links":{"self":[{"href":"https:\/\/comaps.de\/en\/wp-json\/wp\/v2\/pages\/1360","targetHints":{"allow":["GET"]}}],"collection":[{"href":"https:\/\/comaps.de\/en\/wp-json\/wp\/v2\/pages"}],"about":[{"href":"https:\/\/comaps.de\/en\/wp-json\/wp\/v2\/types\/page"}],"author":[{"embeddable":true,"href":"https:\/\/comaps.de\/en\/wp-json\/wp\/v2\/users\/1"}],"replies":[{"embeddable":true,"href":"https:\/\/comaps.de\/en\/wp-json\/wp\/v2\/comments?post=1360"}],"version-history":[{"count":24,"href":"https:\/\/comaps.de\/en\/wp-json\/wp\/v2\/pages\/1360\/revisions"}],"predecessor-version":[{"id":1822,"href":"https:\/\/comaps.de\/en\/wp-json\/wp\/v2\/pages\/1360\/revisions\/1822"}],"wp:attachment":[{"href":"https:\/\/comaps.de\/en\/wp-json\/wp\/v2\/media?parent=1360"}],"curies":[{"name":"wp","href":"https:\/\/api.w.org\/{rel}","templated":true}]}}