{"id":3,"date":"2024-03-06T11:09:28","date_gmt":"2024-03-06T11:09:28","guid":{"rendered":"https:\/\/dev.comaps.de\/wp\/?page_id=3"},"modified":"2024-06-05T15:40:44","modified_gmt":"2024-06-05T13:40:44","slug":"datenschutz","status":"publish","type":"page","link":"https:\/\/comaps.de\/en\/datenschutz\/","title":{"rendered":"Privacy Policy"},"content":{"rendered":"<div data-elementor-type=\"wp-page\" data-elementor-id=\"3\" class=\"elementor elementor-3\" data-elementor-post-type=\"page\">\n\t\t\t\t<div class=\"elementor-element elementor-element-f0bcbe5 e-con-full e-flex e-con e-parent\" data-id=\"f0bcbe5\" data-element_type=\"container\">\n\t\t\t\t<\/div>\n\t\t<div class=\"elementor-element elementor-element-2e6237a e-con-full e-flex e-con e-parent\" data-id=\"2e6237a\" data-element_type=\"container\">\n\t\t<div class=\"elementor-element elementor-element-06aa562 e-flex e-con-boxed e-con e-child\" data-id=\"06aa562\" data-element_type=\"container\">\n\t\t\t\t\t<div class=\"e-con-inner\">\n\t\t\t\t<div class=\"elementor-element elementor-element-0040fd1 elementor-widget elementor-widget-heading\" data-id=\"0040fd1\" data-element_type=\"widget\" data-widget_type=\"heading.default\">\n\t\t\t\t<div class=\"elementor-widget-container\">\n\t\t\t<style>\/*! elementor - v3.22.0 - 17-06-2024 *\/\n.elementor-heading-title{padding:0;margin:0;line-height:1}.elementor-widget-heading .elementor-heading-title[class*=elementor-size-]>a{color:inherit;font-size:inherit;line-height:inherit}.elementor-widget-heading .elementor-heading-title.elementor-size-small{font-size:15px}.elementor-widget-heading .elementor-heading-title.elementor-size-medium{font-size:19px}.elementor-widget-heading .elementor-heading-title.elementor-size-large{font-size:29px}.elementor-widget-heading .elementor-heading-title.elementor-size-xl{font-size:39px}.elementor-widget-heading .elementor-heading-title.elementor-size-xxl{font-size:59px}<\/style><h2 class=\"elementor-heading-title elementor-size-default\">Privacy Policy<\/h2>\t\t<\/div>\n\t\t\t\t<\/div>\n\t\t\t\t<div class=\"elementor-element elementor-element-121dd3ae elementor-widget elementor-widget-text-editor\" data-id=\"121dd3ae\" data-element_type=\"widget\" data-widget_type=\"text-editor.default\">\n\t\t\t\t<div class=\"elementor-widget-container\">\n\t\t\t<style>\/*! elementor - v3.22.0 - 17-06-2024 *\/\n.elementor-widget-text-editor.elementor-drop-cap-view-stacked .elementor-drop-cap{background-color:#69727d;color:#fff}.elementor-widget-text-editor.elementor-drop-cap-view-framed .elementor-drop-cap{color:#69727d;border:3px solid;background-color:transparent}.elementor-widget-text-editor:not(.elementor-drop-cap-view-default) .elementor-drop-cap{margin-top:8px}.elementor-widget-text-editor:not(.elementor-drop-cap-view-default) .elementor-drop-cap-letter{width:1em;height:1em}.elementor-widget-text-editor .elementor-drop-cap{float:left;text-align:center;line-height:1;font-size:50px}.elementor-widget-text-editor .elementor-drop-cap-letter{display:inline-block}<\/style>\t\t\t\t<p class=\"p3\">Die folgenden Hinweise geben einen einfachen \u00dcberblick dar\u00fcber, was mit Ihren personenbezogenen Daten passiert, wenn Sie unsere Website besuchen. Personenbezogene Daten sind alle Daten, mit denen Sie pers\u00f6nlich identifiziert werden k\u00f6nnen.<\/p>\n<p class=\"p3\"><b>Datenerfassung auf unserer Website<\/b><\/p>\n<p class=\"p3\">Wer ist verantwortlich f\u00fcr die Datenerfassung auf dieser Website?<\/p>\n<p class=\"p3\">Die Datenverarbeitung auf dieser Website erfolgt durch den Websitebetreiber. Dessen Kontaktdaten k\u00f6nnen Sie dem Impressum dieser Website entnehmen.<\/p>\n<p class=\"p3\">Wie erfassen wir Ihre Daten?<\/p>\n<p class=\"p3\">Ihre Daten werden zum einen dadurch erhoben, dass Sie uns diese mitteilen. Hierbei kann es sich z.B. um Daten handeln, die Sie in ein Kontaktformular eingeben.<\/p>\n<p class=\"p3\">Andere Daten werden automatisch beim Besuch der Website durch unsere IT-Systeme erfasst. Das sind vor allem technische Daten (z.B. Internetbrowser, Betriebssystem oder Uhrzeit des Seitenaufrufs). Die Erfassung dieser Daten erfolgt automatisch, sobald Sie unsere Website betreten.<\/p>\n<h3><b>Allgemeine Hinweise und Pflichtinformationen<\/b><\/h3>\n<p class=\"p3\"><b>Privacy Policy<\/b><\/p>\n<p class=\"p3\">Der Betreiber dieser Seiten nimmt den Schutz Ihrer pers\u00f6nlichen Daten sehr ernst. Wir behandeln Ihre personenbezogenen Daten vertraulich und entsprechend der gesetzlichen Datenschutzvorschriften sowie dieser Datenschutzerkl\u00e4rung.<\/p>\n<p class=\"p3\">Wenn Sie diese Website benutzen, werden verschiedene personenbezogene Daten erhoben. Personenbezogene Daten sind Daten, mit denen Sie pers\u00f6nlich identifiziert werden k\u00f6nnen. Die vorliegende Datenschutzerkl\u00e4rung erl\u00e4utert, welche Daten wir erheben und wof\u00fcr wir sie nutzen. Sie erl\u00e4utert auch, wie und zu welchem Zweck das geschieht.<\/p>\n<p class=\"p3\"><b>Hinweis zur verantwortlichen Stelle<\/b><\/p>\n<p class=\"p3\">Die verantwortliche Stelle f\u00fcr die Datenverarbeitung auf dieser Website ist:<\/p>\n<p class=\"p3\">comaps GmbH<br>\nHallerstra\u00dfe 50, 20146 Hamburg<br>\n+49 (0) 173 24 88 330<br>\ninfo@comaps.de<\/p>\n<h3><b>Datenerfassung auf unserer Website<\/b><\/h3>\n<p class=\"p3\"><b>Cookies<\/b><\/p>\n<p class=\"p3\">Die Internetseiten verwenden teilweise so genannte Cookies. Cookies richten auf Ihrem Rechner keinen Schaden an und enthalten keine Viren. Cookies dienen dazu, unser Angebot nutzerfreundlicher, effektiver und sicherer zu machen.<\/p>\n<p><b>Kontaktformular<\/b><\/p>\n<p class=\"p3\">Wenn Sie uns per Kontaktformular Anfragen zukommen lassen, werden Ihre Angaben aus dem Anfrageformular inklusive der von Ihnen dort angegebenen Kontaktdaten zwecks Bearbeitung der Anfrage und f\u00fcr den Fall von Anschlussfragen bei uns gespeichert. Diese Daten geben wir nicht ohne Ihre Einwilligung weiter.<\/p>\n<p class=\"p3\"><b>YouTube<\/b><\/p>\n<p class=\"p3\">Unsere Website nutzt Plugins der von Google betriebenen Seite YouTube. Betreiber der Seiten ist die YouTube, LLC, 901 Cherry Ave., San Bruno, CA 94066, USA. Wenn Sie eine unserer mit einem YouTube-Plugin ausgestatteten Seiten besuchen, wird eine Verbindung zu den Servern von YouTube hergestellt. Dabei wird dem YouTube-Server mitgeteilt, welche unserer Seiten Sie besucht haben.<\/p>\n<p class=\"p3\">Wenn Sie in Ihrem YouTube-Account eingeloggt sind, erm\u00f6glichen Sie YouTube, Ihr Surfverhalten direkt Ihrem pers\u00f6nlichen Profil zuzuordnen. Dies k\u00f6nnen Sie verhindern, indem Sie sich aus Ihrem YouTube-Account ausloggen.<\/p>\n<p class=\"p3\">Die Nutzung von YouTube erfolgt im Interesse einer ansprechenden Darstellung unserer Online-Angebote. Dies stellt ein berechtigtes Interesse im Sinne von Art. 6 Abs. 1 lit. f DSGVO dar.<\/p>\n<p class=\"p3\">Weitere Informationen zum Umgang mit Nutzerdaten finden Sie in der Datenschutzerkl\u00e4rung von YouTube unter:&nbsp;<a href=\"https:\/\/www.google.de\/intl\/de\/policies\/privacy\"><span class=\"s1\">https:\/\/www.google.de\/intl\/de\/policies\/privacy<\/span><\/a>.<\/p>\n<p class=\"p3\"><b>Google Fonts<\/b><\/p>\n<p class=\"p3\">Diese Seite nutzt zur einheitlichen Darstellung von Schriftarten so genannte Web Fonts, die von Google bereitgestellt werden. Beim Aufruf einer Seite l\u00e4dt Ihr Browser die ben\u00f6tigten Web Fonts in ihren Browsercache, um Texte und Schriftarten korrekt anzuzeigen.<\/p>\n<p class=\"p3\">Zu diesem Zweck muss der von Ihnen verwendete Browser Verbindung zu den Servern von Google aufnehmen. Hierdurch erlangt Google Kenntnis dar\u00fcber, dass \u00fcber Ihre IP-Adresse unsere Website aufgerufen wurde. Die Nutzung von Google Web Fonts erfolgt im Interesse einer einheitlichen und ansprechenden Darstellung unserer Online-Angebote. Dies stellt ein berechtigtes Interesse im Sinne von Art. 6 Abs. 1 lit. f DSGVO dar.<\/p>\n<p class=\"p3\">Wenn Ihr Browser Web Fonts nicht unterst\u00fctzt, wird eine Standardschrift von Ihrem Computer genutzt.<\/p>\n<p class=\"p3\">Weitere Informationen zu Google Web Fonts finden Sie unter&nbsp;<a href=\"https:\/\/developers.google.com\/fonts\/faq\"><span class=\"s1\">https:\/\/developers.google.com\/fonts\/faq<\/span><\/a>&nbsp;und in der Datenschutzerkl\u00e4rung von Google:&nbsp;<a href=\"https:\/\/www.google.com\/policies\/privacy\/\"><span class=\"s1\">https:\/\/www.google.com\/policies\/privacy\/<\/span><\/a>.<\/p>\n<p class=\"p3\"><b>WordPress<\/b><\/p>\n<p class=\"p3\">F\u00fcr die technische Umsetzung unserer Webseite nutzen wir den Service von WordPress. Betreiber ist die WordPress. WordPress speichert und verarbeitet Daten von Website-Besuchern im Rahmen seiner Dienstleistungen. Dazu k\u00f6nnen auch Cookies geh\u00f6ren, die Informationen \u00fcber den Website-Besucher speichern und Analysen der Website-Nutzung erm\u00f6glichen. Mehr \u00fcber die Datenverarbeitung durch WordPress k\u00f6nnen Sie in den Datenschutzrichtlinien von WordPress erfahren: <a href=\"https:\/\/wordpress.org\/about\/privacy\/\">https:\/\/wordpress.org\/about\/privacy\/<\/a><\/p>\n<p><!-- \/wp:paragraph --><\/p>\t\t\t\t\t\t<\/div>\n\t\t\t\t<\/div>\n\t\t\t\t\t<\/div>\n\t\t\t\t<\/div>\n\t\t\t\t<\/div>\n\t\t\t\t<\/div>","protected":false},"excerpt":{"rendered":"<p>Datenschutz Die folgenden Hinweise geben einen einfachen \u00dcberblick dar\u00fcber, was mit Ihren personenbezogenen Daten passiert, wenn Sie unsere Website besuchen. Personenbezogene Daten sind alle Daten, mit denen Sie pers\u00f6nlich identifiziert werden k\u00f6nnen. Datenerfassung auf unserer Website Wer ist verantwortlich f\u00fcr die Datenerfassung auf dieser Website? Die Datenverarbeitung auf dieser Website erfolgt durch den Websitebetreiber. Dessen [&hellip;]<\/p>","protected":false},"author":1,"featured_media":0,"parent":0,"menu_order":0,"comment_status":"closed","ping_status":"closed","template":"","meta":{"footnotes":""},"class_list":["post-3","page","type-page","status-publish","hentry"],"blocksy_meta":[],"yoast_head":"<!-- This site is optimized with the Yoast SEO plugin v22.2 - https:\/\/yoast.com\/wordpress\/plugins\/seo\/ -->\n<title>Datenschutz - comaps | connecting data<\/title>\n<meta name=\"robots\" content=\"noindex, follow, max-snippet:-1, max-image-preview:large, max-video-preview:-1\" \/>\n<meta property=\"og:locale\" content=\"en_GB\" \/>\n<meta property=\"og:type\" content=\"article\" \/>\n<meta property=\"og:title\" content=\"Datenschutz - comaps | connecting data\" \/>\n<meta property=\"og:description\" content=\"Datenschutz Die folgenden Hinweise geben einen einfachen \u00dcberblick dar\u00fcber, was mit Ihren personenbezogenen Daten passiert, wenn Sie unsere Website besuchen. Personenbezogene Daten sind alle Daten, mit denen Sie pers\u00f6nlich identifiziert werden k\u00f6nnen. Datenerfassung auf unserer Website Wer ist verantwortlich f\u00fcr die Datenerfassung auf dieser Website? Die Datenverarbeitung auf dieser Website erfolgt durch den Websitebetreiber. Dessen [&hellip;]\" \/>\n<meta property=\"og:url\" content=\"https:\/\/comaps.de\/en\/datenschutz\/\" \/>\n<meta property=\"og:site_name\" content=\"comaps | connecting data\" \/>\n<meta property=\"article:modified_time\" content=\"2024-06-05T13:40:44+00:00\" \/>\n<meta name=\"twitter:card\" content=\"summary_large_image\" \/>\n<meta name=\"twitter:label1\" content=\"Estimated reading time\" \/>\n\t<meta name=\"twitter:data1\" content=\"3 minutes\" \/>\n<script type=\"application\/ld+json\" class=\"yoast-schema-graph\">{\"@context\":\"https:\/\/schema.org\",\"@graph\":[{\"@type\":\"WebPage\",\"@id\":\"https:\/\/comaps.de\/datenschutz\/\",\"url\":\"https:\/\/comaps.de\/datenschutz\/\",\"name\":\"Datenschutz - comaps | connecting data\",\"isPartOf\":{\"@id\":\"https:\/\/comaps.de\/#website\"},\"datePublished\":\"2024-03-06T11:09:28+00:00\",\"dateModified\":\"2024-06-05T13:40:44+00:00\",\"breadcrumb\":{\"@id\":\"https:\/\/comaps.de\/datenschutz\/#breadcrumb\"},\"inLanguage\":\"en-GB\",\"potentialAction\":[{\"@type\":\"ReadAction\",\"target\":[\"https:\/\/comaps.de\/datenschutz\/\"]}]},{\"@type\":\"BreadcrumbList\",\"@id\":\"https:\/\/comaps.de\/datenschutz\/#breadcrumb\",\"itemListElement\":[{\"@type\":\"ListItem\",\"position\":1,\"name\":\"Startseite\",\"item\":\"https:\/\/comaps.de\/\"},{\"@type\":\"ListItem\",\"position\":2,\"name\":\"Datenschutz\"}]},{\"@type\":\"WebSite\",\"@id\":\"https:\/\/comaps.de\/#website\",\"url\":\"https:\/\/comaps.de\/\",\"name\":\"comaps | connecting data\",\"description\":\"visualisieren analysieren simulieren\",\"publisher\":{\"@id\":\"https:\/\/comaps.de\/#organization\"},\"potentialAction\":[{\"@type\":\"SearchAction\",\"target\":{\"@type\":\"EntryPoint\",\"urlTemplate\":\"https:\/\/comaps.de\/?s={search_term_string}\"},\"query-input\":\"required name=search_term_string\"}],\"inLanguage\":\"en-GB\"},{\"@type\":\"Organization\",\"@id\":\"https:\/\/comaps.de\/#organization\",\"name\":\"comaps | connecting data\",\"url\":\"https:\/\/comaps.de\/\",\"logo\":{\"@type\":\"ImageObject\",\"inLanguage\":\"en-GB\",\"@id\":\"https:\/\/comaps.de\/#\/schema\/logo\/image\/\",\"url\":\"\",\"contentUrl\":\"\",\"caption\":\"comaps | connecting data\"},\"image\":{\"@id\":\"https:\/\/comaps.de\/#\/schema\/logo\/image\/\"}}]}<\/script>\n<!-- \/ Yoast SEO plugin. -->","yoast_head_json":{"title":"Datenschutz - comaps | connecting data","robots":{"index":"noindex","follow":"follow","max-snippet":"max-snippet:-1","max-image-preview":"max-image-preview:large","max-video-preview":"max-video-preview:-1"},"og_locale":"en_GB","og_type":"article","og_title":"Datenschutz - comaps | connecting data","og_description":"Datenschutz Die folgenden Hinweise geben einen einfachen \u00dcberblick dar\u00fcber, was mit Ihren personenbezogenen Daten passiert, wenn Sie unsere Website besuchen. Personenbezogene Daten sind alle Daten, mit denen Sie pers\u00f6nlich identifiziert werden k\u00f6nnen. Datenerfassung auf unserer Website Wer ist verantwortlich f\u00fcr die Datenerfassung auf dieser Website? Die Datenverarbeitung auf dieser Website erfolgt durch den Websitebetreiber. Dessen [&hellip;]","og_url":"https:\/\/comaps.de\/en\/datenschutz\/","og_site_name":"comaps | connecting data","article_modified_time":"2024-06-05T13:40:44+00:00","twitter_card":"summary_large_image","twitter_misc":{"Estimated reading time":"3 minutes"},"schema":{"@context":"https:\/\/schema.org","@graph":[{"@type":"WebPage","@id":"https:\/\/comaps.de\/datenschutz\/","url":"https:\/\/comaps.de\/datenschutz\/","name":"Datenschutz - comaps | connecting data","isPartOf":{"@id":"https:\/\/comaps.de\/#website"},"datePublished":"2024-03-06T11:09:28+00:00","dateModified":"2024-06-05T13:40:44+00:00","breadcrumb":{"@id":"https:\/\/comaps.de\/datenschutz\/#breadcrumb"},"inLanguage":"en-GB","potentialAction":[{"@type":"ReadAction","target":["https:\/\/comaps.de\/datenschutz\/"]}]},{"@type":"BreadcrumbList","@id":"https:\/\/comaps.de\/datenschutz\/#breadcrumb","itemListElement":[{"@type":"ListItem","position":1,"name":"Startseite","item":"https:\/\/comaps.de\/"},{"@type":"ListItem","position":2,"name":"Datenschutz"}]},{"@type":"WebSite","@id":"https:\/\/comaps.de\/#website","url":"https:\/\/comaps.de\/","name":"comaps | connecting data","description":"visualisieren analysieren simulieren","publisher":{"@id":"https:\/\/comaps.de\/#organization"},"potentialAction":[{"@type":"SearchAction","target":{"@type":"EntryPoint","urlTemplate":"https:\/\/comaps.de\/?s={search_term_string}"},"query-input":"required name=search_term_string"}],"inLanguage":"en-GB"},{"@type":"Organization","@id":"https:\/\/comaps.de\/#organization","name":"comaps | connecting data","url":"https:\/\/comaps.de\/","logo":{"@type":"ImageObject","inLanguage":"en-GB","@id":"https:\/\/comaps.de\/#\/schema\/logo\/image\/","url":"","contentUrl":"","caption":"comaps | connecting data"},"image":{"@id":"https:\/\/comaps.de\/#\/schema\/logo\/image\/"}}]}},"_links":{"self":[{"href":"https:\/\/comaps.de\/en\/wp-json\/wp\/v2\/pages\/3","targetHints":{"allow":["GET"]}}],"collection":[{"href":"https:\/\/comaps.de\/en\/wp-json\/wp\/v2\/pages"}],"about":[{"href":"https:\/\/comaps.de\/en\/wp-json\/wp\/v2\/types\/page"}],"author":[{"embeddable":true,"href":"https:\/\/comaps.de\/en\/wp-json\/wp\/v2\/users\/1"}],"replies":[{"embeddable":true,"href":"https:\/\/comaps.de\/en\/wp-json\/wp\/v2\/comments?post=3"}],"version-history":[{"count":40,"href":"https:\/\/comaps.de\/en\/wp-json\/wp\/v2\/pages\/3\/revisions"}],"predecessor-version":[{"id":1632,"href":"https:\/\/comaps.de\/en\/wp-json\/wp\/v2\/pages\/3\/revisions\/1632"}],"wp:attachment":[{"href":"https:\/\/comaps.de\/en\/wp-json\/wp\/v2\/media?parent=3"}],"curies":[{"name":"wp","href":"https:\/\/api.w.org\/{rel}","templated":true}]}}